{"id":2539,"date":"2020-05-15T11:00:01","date_gmt":"2020-05-15T11:00:01","guid":{"rendered":"http:\/\/localhost\/theratio\/?page_id=2539"},"modified":"2025-04-19T01:26:23","modified_gmt":"2025-04-18T23:26:23","slug":"exterior-design","status":"publish","type":"page","link":"https:\/\/milimetararch.com\/sr\/our-services\/exterior-design\/","title":{"rendered":"Dizajn eksterijera"},"content":{"rendered":"<div data-elementor-type=\"wp-page\" data-elementor-id=\"2539\" class=\"elementor elementor-2539\">\n\t\t\t\t\t\t<section class=\"elementor-section elementor-top-section elementor-element elementor-element-4680d83 elementor-section-boxed elementor-section-height-default elementor-section-height-default\" data-id=\"4680d83\" data-element_type=\"section\">\n\t\t\t\t\t\t<div class=\"elementor-container elementor-column-gap-extended\">\n\t\t\t\t\t<div class=\"elementor-column elementor-col-50 elementor-top-column elementor-element elementor-element-5665642 ot-flex-column-vertical\" data-id=\"5665642\" data-element_type=\"column\">\n\t\t\t<div class=\"elementor-widget-wrap elementor-element-populated\">\n\t\t\t\t\t\t<div class=\"elementor-element elementor-element-da11619 widget-area elementor-widget elementor-widget-sidebar\" data-id=\"da11619\" data-element_type=\"widget\" data-widget_type=\"sidebar.default\">\n\t\t\t\t<div class=\"elementor-widget-container\">\n\t\t\t\t\t<section id=\"nav_menu-1\" class=\"widget widget_nav_menu\"><\/section>\t\t\t\t<\/div>\n\t\t\t\t<\/div>\n\t\t\t\t\t<\/div>\n\t\t<\/div>\n\t\t\t\t<div class=\"elementor-column elementor-col-50 elementor-top-column elementor-element elementor-element-ce47c48 ot-flex-column-vertical\" data-id=\"ce47c48\" data-element_type=\"column\">\n\t\t\t<div class=\"elementor-widget-wrap elementor-element-populated\">\n\t\t\t\t\t\t<div class=\"elementor-element elementor-element-9c19471 elementor-widget elementor-widget-iheading\" data-id=\"9c19471\" data-element_type=\"widget\" data-widget_type=\"iheading.default\">\n\t\t\t\t<div class=\"elementor-widget-container\">\n\t\t\t\t\t\t\t<div class=\"ot-heading\">\n\t        \t            <span>[ \u0161ta nudimo ]<\/span>\n\t        \t        <h2 class=\"main-heading\">Dizajn eksterijera<\/h2>\n\t        \t    <\/div>\n\t    \t\t\t\t<\/div>\n\t\t\t\t<\/div>\n\t\t\t\t<div class=\"elementor-element elementor-element-6e38ca7 elementor-widget elementor-widget-text-editor\" data-id=\"6e38ca7\" data-element_type=\"widget\" data-widget_type=\"text-editor.default\">\n\t\t\t\t<div class=\"elementor-widget-container\">\n\t\t\t\t\t\t\t\t\t<p>Eksterijer zgrade je vi\u0161e od fasade - to je prvi utisak, arhitektonski identitet i most izme\u0111u strukture i okoline.<\/p>\t\t\t\t\t\t\t\t<\/div>\n\t\t\t\t<\/div>\n\t\t\t\t<div class=\"elementor-element elementor-element-86e3f3d elementor-arrows-position-inside elementor-pagination-position-outside elementor-widget elementor-widget-image-carousel\" data-id=\"86e3f3d\" data-element_type=\"widget\" data-settings=\"{&quot;slides_to_show&quot;:&quot;1&quot;,&quot;navigation&quot;:&quot;both&quot;,&quot;autoplay&quot;:&quot;yes&quot;,&quot;pause_on_hover&quot;:&quot;yes&quot;,&quot;pause_on_interaction&quot;:&quot;yes&quot;,&quot;autoplay_speed&quot;:5000,&quot;infinite&quot;:&quot;yes&quot;,&quot;effect&quot;:&quot;slide&quot;,&quot;speed&quot;:500}\" data-widget_type=\"image-carousel.default\">\n\t\t\t\t<div class=\"elementor-widget-container\">\n\t\t\t\t\t\t\t<div class=\"elementor-image-carousel-wrapper swiper\" role=\"region\" aria-roledescription=\"carousel\" aria-label=\"Vrte\u0161ka slika\" dir=\"ltr\">\n\t\t\t<div class=\"elementor-image-carousel swiper-wrapper swiper-image-stretch\" aria-live=\"off\">\n\t\t\t\t\t\t\t\t<div class=\"swiper-slide\" role=\"group\" aria-roledescription=\"slide\" aria-label=\"1 od 2\"><figure class=\"swiper-slide-inner\"><img decoding=\"async\" class=\"swiper-slide-image\" src=\"https:\/\/milimetararch.com\/wp-content\/uploads\/2020\/05\/service-silder3.jpg\" alt=\"service-silder3\" \/><\/figure><\/div><div class=\"swiper-slide\" role=\"group\" aria-roledescription=\"slide\" aria-label=\"2 od 2\"><figure class=\"swiper-slide-inner\"><img decoding=\"async\" class=\"swiper-slide-image\" src=\"https:\/\/milimetararch.com\/wp-content\/uploads\/2020\/05\/service-silder4.jpg\" alt=\"service-silder4\" \/><\/figure><\/div>\t\t\t<\/div>\n\t\t\t\t\t\t\t\t\t\t\t\t<div class=\"elementor-swiper-button elementor-swiper-button-prev\" role=\"button\" tabindex=\"0\">\n\t\t\t\t\t\t<svg aria-hidden=\"true\" class=\"e-font-icon-svg e-eicon-chevron-left\" viewbox=\"0 0 1000 1000\" xmlns=\"http:\/\/www.w3.org\/2000\/svg\"><path d=\"M646 125C629 125 613 133 604 142L308 442C296 454 292 471 292 487 292 504 296 521 308 533L604 854C617 867 629 875 646 875 663 875 679 871 692 858 704 846 713 829 713 812 713 796 708 779 692 767L438 487 692 225C700 217 708 204 708 187 708 171 704 154 692 142 675 129 663 125 646 125Z\"><\/path><\/svg>\t\t\t\t\t<\/div>\n\t\t\t\t\t<div class=\"elementor-swiper-button elementor-swiper-button-next\" role=\"button\" tabindex=\"0\">\n\t\t\t\t\t\t<svg aria-hidden=\"true\" class=\"e-font-icon-svg e-eicon-chevron-right\" viewbox=\"0 0 1000 1000\" xmlns=\"http:\/\/www.w3.org\/2000\/svg\"><path d=\"M696 533C708 521 713 504 713 487 713 471 708 454 696 446L400 146C388 133 375 125 354 125 338 125 325 129 313 142 300 154 292 171 292 187 292 204 296 221 308 233L563 492 304 771C292 783 288 800 288 817 288 833 296 850 308 863 321 871 338 875 354 875 371 875 388 867 400 854L696 533Z\"><\/path><\/svg>\t\t\t\t\t<\/div>\n\t\t\t\t\n\t\t\t\t\t\t\t\t\t<div class=\"swiper-pagination\"><\/div>\n\t\t\t\t\t\t\t\t\t<\/div>\n\t\t\t\t\t\t<\/div>\n\t\t\t\t<\/div>\n\t\t\t\t<div class=\"elementor-element elementor-element-9dba111 elementor-widget elementor-widget-text-editor\" data-id=\"9dba111\" data-element_type=\"widget\" data-widget_type=\"text-editor.default\">\n\t\t\t\t<div class=\"elementor-widget-container\">\n\t\t\t\t\t\t\t\t\t<p>Na\u0161 studio dizajnira eksterijere koji nisu samo estetski privla\u010dni, vec\u0301 i funkcionalno integrisani u njihov kontekst. Uzimamo u obzir proporcije, materijale, osvetljenje i uticaj na \u017eivotnu sredinu, osiguravajuc\u0301i da dizajn odra\u017eava i viziju klijenta i duh lokacije.<\/p>\t\t\t\t\t\t\t\t<\/div>\n\t\t\t\t<\/div>\n\t\t\t\t<div class=\"elementor-element elementor-element-e3c7060 elementor-widget elementor-widget-image\" data-id=\"e3c7060\" data-element_type=\"widget\" data-widget_type=\"image.default\">\n\t\t\t\t<div class=\"elementor-widget-container\">\n\t\t\t\t\t\t\t\t\t\t\t\t\t\t\t<img fetchpriority=\"high\" decoding=\"async\" width=\"870\" height=\"520\" src=\"https:\/\/milimetararch.com\/wp-content\/uploads\/2020\/05\/image1-service2.jpg\" class=\"attachment-full size-full wp-image-2522\" alt=\"\" srcset=\"https:\/\/milimetararch.com\/wp-content\/uploads\/2020\/05\/image1-service2.jpg 870w, https:\/\/milimetararch.com\/wp-content\/uploads\/2020\/05\/image1-service2-300x179.jpg 300w, https:\/\/milimetararch.com\/wp-content\/uploads\/2020\/05\/image1-service2-768x459.jpg 768w, https:\/\/milimetararch.com\/wp-content\/uploads\/2020\/05\/image1-service2-18x12.jpg 18w\" sizes=\"(max-width: 870px) 100vw, 870px\" \/>\t\t\t\t\t\t\t\t\t\t\t\t\t\t\t<\/div>\n\t\t\t\t<\/div>\n\t\t\t\t<section class=\"elementor-section elementor-inner-section elementor-element elementor-element-632b7a3 elementor-section-full_width elementor-section-height-default elementor-section-height-default\" data-id=\"632b7a3\" data-element_type=\"section\">\n\t\t\t\t\t\t<div class=\"elementor-container elementor-column-gap-default\">\n\t\t\t\t\t<div class=\"elementor-column elementor-col-33 elementor-inner-column elementor-element elementor-element-763e0fe ot-flex-column-vertical\" data-id=\"763e0fe\" data-element_type=\"column\">\n\t\t\t<div class=\"elementor-widget-wrap elementor-element-populated\">\n\t\t\t\t\t\t<div class=\"elementor-element elementor-element-83c3cf2 elementor-widget elementor-widget-iprogress\" data-id=\"83c3cf2\" data-element_type=\"widget\" data-widget_type=\"iprogress.default\">\n\t\t\t\t<div class=\"elementor-widget-container\">\n\t\t\t\t\t\n\t\t\t\t<div class=\"circle-progress tbottom\" data-color=\"#939393\" data-height=\"2\" data-size=\"165\">\n\t\t\t<div class=\"inner-bar\" data-percent=\"50\">\n\t\t\t\t<span>\n\t\t\t\t\t<span class=\"percent\">50<\/span>\t\t\t\t<\/span>\n\t\t\t<\/div>\n\t\t\t<h4>3D modeling<\/h4>\t\t<\/div>\n\t\t\n\t    \t\t\t\t<\/div>\n\t\t\t\t<\/div>\n\t\t\t\t<div class=\"elementor-element elementor-element-26f707a elementor-widget elementor-widget-text-editor\" data-id=\"26f707a\" data-element_type=\"widget\" data-widget_type=\"text-editor.default\">\n\t\t\t\t<div class=\"elementor-widget-container\">\n\t\t\t\t\t\t\t\t\t<p>Studio pru\u017ea punu ponudu<br \/>3D modeliranja enterijera<\/p>\t\t\t\t\t\t\t\t<\/div>\n\t\t\t\t<\/div>\n\t\t\t\t\t<\/div>\n\t\t<\/div>\n\t\t\t\t<div class=\"elementor-column elementor-col-33 elementor-inner-column elementor-element elementor-element-30b9712 ot-flex-column-vertical\" data-id=\"30b9712\" data-element_type=\"column\">\n\t\t\t<div class=\"elementor-widget-wrap elementor-element-populated\">\n\t\t\t\t\t\t<div class=\"elementor-element elementor-element-5185ec8 elementor-widget elementor-widget-iprogress\" data-id=\"5185ec8\" data-element_type=\"widget\" data-widget_type=\"iprogress.default\">\n\t\t\t\t<div class=\"elementor-widget-container\">\n\t\t\t\t\t\n\t\t\t\t<div class=\"circle-progress tbottom\" data-color=\"#939393\" data-height=\"2\" data-size=\"165\">\n\t\t\t<div class=\"inner-bar\" data-percent=\"75\">\n\t\t\t\t<span>\n\t\t\t\t\t<span class=\"percent\">75<\/span>\t\t\t\t<\/span>\n\t\t\t<\/div>\n\t\t\t<h4>MERENJE SOBE<\/h4>\t\t<\/div>\n\t\t\n\t    \t\t\t\t<\/div>\n\t\t\t\t<\/div>\n\t\t\t\t<div class=\"elementor-element elementor-element-e496610 elementor-widget elementor-widget-text-editor\" data-id=\"e496610\" data-element_type=\"widget\" data-widget_type=\"text-editor.default\">\n\t\t\t\t<div class=\"elementor-widget-container\">\n\t\t\t\t\t\t\t\t\t<p>Razvoj nesavr\u0161enog dizajna<br \/>projekta<\/p>\t\t\t\t\t\t\t\t<\/div>\n\t\t\t\t<\/div>\n\t\t\t\t\t<\/div>\n\t\t<\/div>\n\t\t\t\t<div class=\"elementor-column elementor-col-33 elementor-inner-column elementor-element elementor-element-38040b1 ot-flex-column-vertical\" data-id=\"38040b1\" data-element_type=\"column\">\n\t\t\t<div class=\"elementor-widget-wrap elementor-element-populated\">\n\t\t\t\t\t\t<div class=\"elementor-element elementor-element-8ccb80a elementor-widget elementor-widget-iprogress\" data-id=\"8ccb80a\" data-element_type=\"widget\" data-widget_type=\"iprogress.default\">\n\t\t\t\t<div class=\"elementor-widget-container\">\n\t\t\t\t\t\n\t\t\t\t<div class=\"circle-progress tbottom\" data-color=\"#939393\" data-height=\"2\" data-size=\"165\">\n\t\t\t<div class=\"inner-bar\" data-percent=\"85\">\n\t\t\t\t<span>\n\t\t\t\t\t<span class=\"percent\">85<\/span>\t\t\t\t<\/span>\n\t\t\t<\/div>\n\t\t\t<h4>2d planiranje<\/h4>\t\t<\/div>\n\t\t\n\t    \t\t\t\t<\/div>\n\t\t\t\t<\/div>\n\t\t\t\t<div class=\"elementor-element elementor-element-e546c6a elementor-widget elementor-widget-text-editor\" data-id=\"e546c6a\" data-element_type=\"widget\" data-widget_type=\"text-editor.default\">\n\t\t\t\t<div class=\"elementor-widget-container\">\n\t\t\t\t\t\t\t\t\t<p>Pru\u017eamo 2D planiranje<br \/>za bolju vizuelizaciju.<\/p>\t\t\t\t\t\t\t\t<\/div>\n\t\t\t\t<\/div>\n\t\t\t\t\t<\/div>\n\t\t<\/div>\n\t\t\t\t\t<\/div>\n\t\t<\/section>\n\t\t\t\t<div class=\"elementor-element elementor-element-216ac69 elementor-widget elementor-widget-iheading\" data-id=\"216ac69\" data-element_type=\"widget\" data-widget_type=\"iheading.default\">\n\t\t\t\t<div class=\"elementor-widget-container\">\n\t\t\t\t\t\t\t<div class=\"ot-heading is-dots\">\n\t        \t            <span>[ zaklju\u010dak ]<\/span>\n\t        \t        <h2 class=\"main-heading\">Klju\u010dni elementi<\/h2>\n\t        \t    <\/div>\n\t    \t\t\t\t<\/div>\n\t\t\t\t<\/div>\n\t\t\t\t<div class=\"elementor-element elementor-element-7fe78e2 elementor-widget elementor-widget-text-editor\" data-id=\"7fe78e2\" data-element_type=\"widget\" data-widget_type=\"text-editor.default\">\n\t\t\t\t<div class=\"elementor-widget-container\">\n\t\t\t\t\t\t\t\t\t<p class=\"\" data-start=\"1629\" data-end=\"1654\">Klju\u010dni elementi na koje se fokusiramo:<\/p><ul data-start=\"1656\" data-end=\"1814\"><li class=\"\" data-start=\"1656\" data-end=\"1694\"><p class=\"\" data-start=\"1658\" data-end=\"1694\">Harmonizacija sa okru\u017eenjem<\/p><\/li><li class=\"\" data-start=\"1695\" data-end=\"1732\"><p class=\"\" data-start=\"1697\" data-end=\"1732\">Balans izme\u0111u forme i funkcije<\/p><\/li><li class=\"\" data-start=\"1733\" data-end=\"1775\"><p class=\"\" data-start=\"1735\" data-end=\"1775\">Trajnost i odr\u017eivost materijala<\/p><\/li><li class=\"\" data-start=\"1776\" data-end=\"1814\"><p class=\"\" data-start=\"1778\" data-end=\"1814\">Vizuelni uticaj i jedinstven karakter<\/p><\/li><\/ul><p class=\"\" data-start=\"1816\" data-end=\"1937\">Bilo da se radi o minimalisti\u010dkom urbanom domu ili smelom komercijalnom konceptu, mi dizajniramo eksterijere koji se isti\u010du i izdr\u017eavaju vreme.<\/p>\t\t\t\t\t\t\t\t<\/div>\n\t\t\t\t<\/div>\n\t\t\t\t\t<\/div>\n\t\t<\/div>\n\t\t\t\t\t<\/div>\n\t\t<\/section>\n\t\t\t\t<\/div>","protected":false},"excerpt":{"rendered":"<p>[ what we offer ] Exterior Design The exterior of a building is more than just a fa\u00e7ade \u2014 it&#8217;s the first impression, the architectural identity, and the bridge between structure and surroundings. Our studio designs exteriors that are not only aesthetically compelling but also functionally integrated into their context. We consider proportions, materials, lighting, [&hellip;]<\/p>","protected":false},"author":1,"featured_media":0,"parent":2405,"menu_order":0,"comment_status":"closed","ping_status":"closed","template":"","meta":{"footnotes":""},"class_list":["post-2539","page","type-page","status-publish","hentry"],"jetpack_sharing_enabled":true,"_links":{"self":[{"href":"https:\/\/milimetararch.com\/sr\/wp-json\/wp\/v2\/pages\/2539","targetHints":{"allow":["GET"]}}],"collection":[{"href":"https:\/\/milimetararch.com\/sr\/wp-json\/wp\/v2\/pages"}],"about":[{"href":"https:\/\/milimetararch.com\/sr\/wp-json\/wp\/v2\/types\/page"}],"author":[{"embeddable":true,"href":"https:\/\/milimetararch.com\/sr\/wp-json\/wp\/v2\/users\/1"}],"replies":[{"embeddable":true,"href":"https:\/\/milimetararch.com\/sr\/wp-json\/wp\/v2\/comments?post=2539"}],"version-history":[{"count":0,"href":"https:\/\/milimetararch.com\/sr\/wp-json\/wp\/v2\/pages\/2539\/revisions"}],"up":[{"embeddable":true,"href":"https:\/\/milimetararch.com\/sr\/wp-json\/wp\/v2\/pages\/2405"}],"wp:attachment":[{"href":"https:\/\/milimetararch.com\/sr\/wp-json\/wp\/v2\/media?parent=2539"}],"curies":[{"name":"wp","href":"https:\/\/api.w.org\/{rel}","templated":true}]}}