{"id":2542,"date":"2020-05-15T11:03:53","date_gmt":"2020-05-15T11:03:53","guid":{"rendered":"http:\/\/localhost\/theratio\/?page_id=2542"},"modified":"2025-04-19T01:27:18","modified_gmt":"2025-04-18T23:27:18","slug":"custom-solutions","status":"publish","type":"page","link":"https:\/\/milimetararch.com\/sr\/our-services\/custom-solutions\/","title":{"rendered":"Prilago\u0111ena re\u0161enja"},"content":{"rendered":"<div data-elementor-type=\"wp-page\" data-elementor-id=\"2542\" class=\"elementor elementor-2542\">\n\t\t\t\t\t\t<section class=\"elementor-section elementor-top-section elementor-element elementor-element-8e29eb5 elementor-section-boxed elementor-section-height-default elementor-section-height-default\" data-id=\"8e29eb5\" data-element_type=\"section\">\n\t\t\t\t\t\t<div class=\"elementor-container elementor-column-gap-extended\">\n\t\t\t\t\t<div class=\"elementor-column elementor-col-50 elementor-top-column elementor-element elementor-element-28559c4 ot-flex-column-vertical\" data-id=\"28559c4\" data-element_type=\"column\">\n\t\t\t<div class=\"elementor-widget-wrap elementor-element-populated\">\n\t\t\t\t\t\t<div class=\"elementor-element elementor-element-bfb3243 widget-area elementor-widget elementor-widget-sidebar\" data-id=\"bfb3243\" data-element_type=\"widget\" data-widget_type=\"sidebar.default\">\n\t\t\t\t<div class=\"elementor-widget-container\">\n\t\t\t\t\t<section id=\"nav_menu-1\" class=\"widget widget_nav_menu\"><\/section>\t\t\t\t<\/div>\n\t\t\t\t<\/div>\n\t\t\t\t\t<\/div>\n\t\t<\/div>\n\t\t\t\t<div class=\"elementor-column elementor-col-50 elementor-top-column elementor-element elementor-element-8aad263 ot-flex-column-vertical\" data-id=\"8aad263\" data-element_type=\"column\">\n\t\t\t<div class=\"elementor-widget-wrap elementor-element-populated\">\n\t\t\t\t\t\t<div class=\"elementor-element elementor-element-557500c elementor-widget elementor-widget-iheading\" data-id=\"557500c\" data-element_type=\"widget\" data-widget_type=\"iheading.default\">\n\t\t\t\t<div class=\"elementor-widget-container\">\n\t\t\t\t\t\t\t<div class=\"ot-heading\">\n\t        \t            <span>[ \u0161ta nudimo ]<\/span>\n\t        \t        <h2 class=\"main-heading\">Prilago\u0111ena re\u0161enja<\/h2>\n\t        \t    <\/div>\n\t    \t\t\t\t<\/div>\n\t\t\t\t<\/div>\n\t\t\t\t<div class=\"elementor-element elementor-element-ce13a42 elementor-widget elementor-widget-text-editor\" data-id=\"ce13a42\" data-element_type=\"widget\" data-widget_type=\"text-editor.default\">\n\t\t\t\t<div class=\"elementor-widget-container\">\n\t\t\t\t\t\t\t\t\t<p>Ne postoje dva ista klijenta \u2014 a nisu ni njihove potrebe. Zato je prilago\u0111avanje klju\u010dni stub na\u0161eg rada.<\/p>\t\t\t\t\t\t\t\t<\/div>\n\t\t\t\t<\/div>\n\t\t\t\t<div class=\"elementor-element elementor-element-0e88d01 elementor-arrows-position-inside elementor-widget elementor-widget-image-carousel\" data-id=\"0e88d01\" data-element_type=\"widget\" data-settings=\"{&quot;slides_to_show&quot;:&quot;1&quot;,&quot;navigation&quot;:&quot;arrows&quot;,&quot;autoplay&quot;:&quot;yes&quot;,&quot;pause_on_hover&quot;:&quot;yes&quot;,&quot;pause_on_interaction&quot;:&quot;yes&quot;,&quot;autoplay_speed&quot;:5000,&quot;infinite&quot;:&quot;yes&quot;,&quot;effect&quot;:&quot;slide&quot;,&quot;speed&quot;:500}\" data-widget_type=\"image-carousel.default\">\n\t\t\t\t<div class=\"elementor-widget-container\">\n\t\t\t\t\t\t\t<div class=\"elementor-image-carousel-wrapper swiper\" role=\"region\" aria-roledescription=\"carousel\" aria-label=\"Vrte\u0161ka slika\" dir=\"ltr\">\n\t\t\t<div class=\"elementor-image-carousel swiper-wrapper swiper-image-stretch\" aria-live=\"off\">\n\t\t\t\t\t\t\t\t<div class=\"swiper-slide\" role=\"group\" aria-roledescription=\"slide\" aria-label=\"1 od 2\"><figure class=\"swiper-slide-inner\"><img decoding=\"async\" class=\"swiper-slide-image\" src=\"https:\/\/milimetararch.com\/wp-content\/uploads\/2020\/05\/service-silder5.jpg\" alt=\"service-silder5\" \/><\/figure><\/div><div class=\"swiper-slide\" role=\"group\" aria-roledescription=\"slide\" aria-label=\"2 od 2\"><figure class=\"swiper-slide-inner\"><img decoding=\"async\" class=\"swiper-slide-image\" src=\"https:\/\/milimetararch.com\/wp-content\/uploads\/2020\/05\/service-silder6.jpg\" alt=\"service-silder6\" \/><\/figure><\/div>\t\t\t<\/div>\n\t\t\t\t\t\t\t\t\t\t\t\t<div class=\"elementor-swiper-button elementor-swiper-button-prev\" role=\"button\" tabindex=\"0\">\n\t\t\t\t\t\t<svg aria-hidden=\"true\" class=\"e-font-icon-svg e-eicon-chevron-left\" viewbox=\"0 0 1000 1000\" xmlns=\"http:\/\/www.w3.org\/2000\/svg\"><path d=\"M646 125C629 125 613 133 604 142L308 442C296 454 292 471 292 487 292 504 296 521 308 533L604 854C617 867 629 875 646 875 663 875 679 871 692 858 704 846 713 829 713 812 713 796 708 779 692 767L438 487 692 225C700 217 708 204 708 187 708 171 704 154 692 142 675 129 663 125 646 125Z\"><\/path><\/svg>\t\t\t\t\t<\/div>\n\t\t\t\t\t<div class=\"elementor-swiper-button elementor-swiper-button-next\" role=\"button\" tabindex=\"0\">\n\t\t\t\t\t\t<svg aria-hidden=\"true\" class=\"e-font-icon-svg e-eicon-chevron-right\" viewbox=\"0 0 1000 1000\" xmlns=\"http:\/\/www.w3.org\/2000\/svg\"><path d=\"M696 533C708 521 713 504 713 487 713 471 708 454 696 446L400 146C388 133 375 125 354 125 338 125 325 129 313 142 300 154 292 171 292 187 292 204 296 221 308 233L563 492 304 771C292 783 288 800 288 817 288 833 296 850 308 863 321 871 338 875 354 875 371 875 388 867 400 854L696 533Z\"><\/path><\/svg>\t\t\t\t\t<\/div>\n\t\t\t\t\n\t\t\t\t\t\t\t\t\t<\/div>\n\t\t\t\t\t\t<\/div>\n\t\t\t\t<\/div>\n\t\t\t\t<div class=\"elementor-element elementor-element-0a4086f elementor-widget elementor-widget-text-editor\" data-id=\"0a4086f\" data-element_type=\"widget\" data-widget_type=\"text-editor.default\">\n\t\t\t\t<div class=\"elementor-widget-container\">\n\t\t\t\t\t\t\t\t\t<p>Nudimo prilago\u0111ena arhitektonska re\u0161enja koja direktno odgovaraju va\u0161em \u017eivotnom stilu, preferencijama i dugoro\u010dnim ciljevima. Bilo da se radi o prilago\u0111avanju izazovnoj lokaciji, integrisanju specifi\u010dnih tehnologija ili odra\u017eavanju li\u010dnog jezika dizajna, mi osiguravamo da je svako re\u0161enje jedinstveno kao i pojedinac koji stoji iza njega.<\/p>\t\t\t\t\t\t\t\t<\/div>\n\t\t\t\t<\/div>\n\t\t\t\t<div class=\"elementor-element elementor-element-6580f3a elementor-widget elementor-widget-image\" data-id=\"6580f3a\" data-element_type=\"widget\" data-widget_type=\"image.default\">\n\t\t\t\t<div class=\"elementor-widget-container\">\n\t\t\t\t\t\t\t\t\t\t\t\t\t\t\t<img fetchpriority=\"high\" decoding=\"async\" width=\"870\" height=\"520\" src=\"https:\/\/milimetararch.com\/wp-content\/uploads\/2020\/05\/image1-service3.jpg\" class=\"attachment-full size-full wp-image-2523\" alt=\"\" srcset=\"https:\/\/milimetararch.com\/wp-content\/uploads\/2020\/05\/image1-service3.jpg 870w, https:\/\/milimetararch.com\/wp-content\/uploads\/2020\/05\/image1-service3-300x179.jpg 300w, https:\/\/milimetararch.com\/wp-content\/uploads\/2020\/05\/image1-service3-768x459.jpg 768w, https:\/\/milimetararch.com\/wp-content\/uploads\/2020\/05\/image1-service3-18x12.jpg 18w\" sizes=\"(max-width: 870px) 100vw, 870px\" \/>\t\t\t\t\t\t\t\t\t\t\t\t\t\t\t<\/div>\n\t\t\t\t<\/div>\n\t\t\t\t<section class=\"elementor-section elementor-inner-section elementor-element elementor-element-0ea282c elementor-section-full_width elementor-section-height-default elementor-section-height-default\" data-id=\"0ea282c\" data-element_type=\"section\">\n\t\t\t\t\t\t<div class=\"elementor-container elementor-column-gap-default\">\n\t\t\t\t\t<div class=\"elementor-column elementor-col-33 elementor-inner-column elementor-element elementor-element-eed2b70 ot-flex-column-vertical\" data-id=\"eed2b70\" data-element_type=\"column\">\n\t\t\t<div class=\"elementor-widget-wrap elementor-element-populated\">\n\t\t\t\t\t\t<div class=\"elementor-element elementor-element-eb4e121 elementor-widget elementor-widget-iprogress\" data-id=\"eb4e121\" data-element_type=\"widget\" data-widget_type=\"iprogress.default\">\n\t\t\t\t<div class=\"elementor-widget-container\">\n\t\t\t\t\t\n\t\t\t\t<div class=\"circle-progress tbottom\" data-color=\"#939393\" data-height=\"2\" data-size=\"165\">\n\t\t\t<div class=\"inner-bar\" data-percent=\"50\">\n\t\t\t\t<span>\n\t\t\t\t\t<span class=\"percent\">50<\/span>\t\t\t\t<\/span>\n\t\t\t<\/div>\n\t\t\t<h4>3D modeling<\/h4>\t\t<\/div>\n\t\t\n\t    \t\t\t\t<\/div>\n\t\t\t\t<\/div>\n\t\t\t\t<div class=\"elementor-element elementor-element-e3787bc elementor-widget elementor-widget-text-editor\" data-id=\"e3787bc\" data-element_type=\"widget\" data-widget_type=\"text-editor.default\">\n\t\t\t\t<div class=\"elementor-widget-container\">\n\t\t\t\t\t\t\t\t\t<p>Studio pru\u017ea punu ponudu<br \/>3D modeliranja enterijera<\/p>\t\t\t\t\t\t\t\t<\/div>\n\t\t\t\t<\/div>\n\t\t\t\t\t<\/div>\n\t\t<\/div>\n\t\t\t\t<div class=\"elementor-column elementor-col-33 elementor-inner-column elementor-element elementor-element-bf77976 ot-flex-column-vertical\" data-id=\"bf77976\" data-element_type=\"column\">\n\t\t\t<div class=\"elementor-widget-wrap elementor-element-populated\">\n\t\t\t\t\t\t<div class=\"elementor-element elementor-element-5884740 elementor-widget elementor-widget-iprogress\" data-id=\"5884740\" data-element_type=\"widget\" data-widget_type=\"iprogress.default\">\n\t\t\t\t<div class=\"elementor-widget-container\">\n\t\t\t\t\t\n\t\t\t\t<div class=\"circle-progress tbottom\" data-color=\"#939393\" data-height=\"2\" data-size=\"165\">\n\t\t\t<div class=\"inner-bar\" data-percent=\"75\">\n\t\t\t\t<span>\n\t\t\t\t\t<span class=\"percent\">75<\/span>\t\t\t\t<\/span>\n\t\t\t<\/div>\n\t\t\t<h4>MERENJE SOBE<\/h4>\t\t<\/div>\n\t\t\n\t    \t\t\t\t<\/div>\n\t\t\t\t<\/div>\n\t\t\t\t<div class=\"elementor-element elementor-element-e6bbf00 elementor-widget elementor-widget-text-editor\" data-id=\"e6bbf00\" data-element_type=\"widget\" data-widget_type=\"text-editor.default\">\n\t\t\t\t<div class=\"elementor-widget-container\">\n\t\t\t\t\t\t\t\t\t<p>Razvoj nesavr\u0161enog dizajna<br \/>projekta<\/p>\t\t\t\t\t\t\t\t<\/div>\n\t\t\t\t<\/div>\n\t\t\t\t\t<\/div>\n\t\t<\/div>\n\t\t\t\t<div class=\"elementor-column elementor-col-33 elementor-inner-column elementor-element elementor-element-942a385 ot-flex-column-vertical\" data-id=\"942a385\" data-element_type=\"column\">\n\t\t\t<div class=\"elementor-widget-wrap elementor-element-populated\">\n\t\t\t\t\t\t<div class=\"elementor-element elementor-element-fad47b1 elementor-widget elementor-widget-iprogress\" data-id=\"fad47b1\" data-element_type=\"widget\" data-widget_type=\"iprogress.default\">\n\t\t\t\t<div class=\"elementor-widget-container\">\n\t\t\t\t\t\n\t\t\t\t<div class=\"circle-progress tbottom\" data-color=\"#939393\" data-height=\"2\" data-size=\"165\">\n\t\t\t<div class=\"inner-bar\" data-percent=\"85\">\n\t\t\t\t<span>\n\t\t\t\t\t<span class=\"percent\">85<\/span>\t\t\t\t<\/span>\n\t\t\t<\/div>\n\t\t\t<h4>2d planiranje<\/h4>\t\t<\/div>\n\t\t\n\t    \t\t\t\t<\/div>\n\t\t\t\t<\/div>\n\t\t\t\t<div class=\"elementor-element elementor-element-d18e537 elementor-widget elementor-widget-text-editor\" data-id=\"d18e537\" data-element_type=\"widget\" data-widget_type=\"text-editor.default\">\n\t\t\t\t<div class=\"elementor-widget-container\">\n\t\t\t\t\t\t\t\t\t<p>Pru\u017eamo 2D planiranje<br \/>za bolju vizuelizaciju.<\/p>\t\t\t\t\t\t\t\t<\/div>\n\t\t\t\t<\/div>\n\t\t\t\t\t<\/div>\n\t\t<\/div>\n\t\t\t\t\t<\/div>\n\t\t<\/section>\n\t\t\t\t<div class=\"elementor-element elementor-element-adff670 elementor-widget elementor-widget-iheading\" data-id=\"adff670\" data-element_type=\"widget\" data-widget_type=\"iheading.default\">\n\t\t\t\t<div class=\"elementor-widget-container\">\n\t\t\t\t\t\t\t<div class=\"ot-heading is-dots\">\n\t        \t            <span>[ dodatno ]<\/span>\n\t        \t        <h2 class=\"main-heading\">Na\u0161a prilago\u0111ena re\u0161enja uklju\u010duju<\/h2>\n\t        \t    <\/div>\n\t    \t\t\t\t<\/div>\n\t\t\t\t<\/div>\n\t\t\t\t<div class=\"elementor-element elementor-element-f3de535 elementor-widget elementor-widget-text-editor\" data-id=\"f3de535\" data-element_type=\"widget\" data-widget_type=\"text-editor.default\">\n\t\t\t\t<div class=\"elementor-widget-container\">\n\t\t\t\t\t\t\t\t\t<p class=\"\" data-start=\"2398\" data-end=\"2427\">Na\u0161a prilago\u0111ena re\u0161enja uklju\u010duju:<\/p><ul data-start=\"2429\" data-end=\"2614\"><li class=\"\" data-start=\"2429\" data-end=\"2455\"><p class=\"\" data-start=\"2431\" data-end=\"2455\">Planiranje prostora po meri<\/p><\/li><li class=\"\" data-start=\"2456\" data-end=\"2509\"><p class=\"\" data-start=\"2458\" data-end=\"2509\">Prilago\u0111avanje nekonvencionalnim zapletima ili propisima<\/p><\/li><li class=\"\" data-start=\"2510\" data-end=\"2569\"><p class=\"\" data-start=\"2512\" data-end=\"2569\">Integracija pametnih sistema i tehni\u010dki zahtevi<\/p><\/li><li class=\"\" data-start=\"2570\" data-end=\"2614\"><p class=\"\" data-start=\"2572\" data-end=\"2614\">Personalizovani detalji dizajna i zavr\u0161ne obrade<\/p><\/li><\/ul><p class=\"\" data-start=\"2616\" data-end=\"2739\">Kroz duboku saradnju i fleksibilnost dizajna, pretvaramo izazove u prilike - a ideje u prostore sa potpisom.<\/p>\t\t\t\t\t\t\t\t<\/div>\n\t\t\t\t<\/div>\n\t\t\t\t\t<\/div>\n\t\t<\/div>\n\t\t\t\t\t<\/div>\n\t\t<\/section>\n\t\t\t\t<\/div>","protected":false},"excerpt":{"rendered":"<p>[ what we offer ] Custom Solutions No two clients are the same \u2014 and neither are their needs. That\u2019s why customization is a key pillar of our work. We offer tailored architectural solutions that respond directly to your lifestyle, preferences, and long-term goals. Whether it\u2019s adapting to a challenging site, integrating specific technologies, or [&hellip;]<\/p>","protected":false},"author":1,"featured_media":0,"parent":2405,"menu_order":0,"comment_status":"closed","ping_status":"closed","template":"","meta":{"footnotes":""},"class_list":["post-2542","page","type-page","status-publish","hentry"],"jetpack_sharing_enabled":true,"_links":{"self":[{"href":"https:\/\/milimetararch.com\/sr\/wp-json\/wp\/v2\/pages\/2542","targetHints":{"allow":["GET"]}}],"collection":[{"href":"https:\/\/milimetararch.com\/sr\/wp-json\/wp\/v2\/pages"}],"about":[{"href":"https:\/\/milimetararch.com\/sr\/wp-json\/wp\/v2\/types\/page"}],"author":[{"embeddable":true,"href":"https:\/\/milimetararch.com\/sr\/wp-json\/wp\/v2\/users\/1"}],"replies":[{"embeddable":true,"href":"https:\/\/milimetararch.com\/sr\/wp-json\/wp\/v2\/comments?post=2542"}],"version-history":[{"count":0,"href":"https:\/\/milimetararch.com\/sr\/wp-json\/wp\/v2\/pages\/2542\/revisions"}],"up":[{"embeddable":true,"href":"https:\/\/milimetararch.com\/sr\/wp-json\/wp\/v2\/pages\/2405"}],"wp:attachment":[{"href":"https:\/\/milimetararch.com\/sr\/wp-json\/wp\/v2\/media?parent=2542"}],"curies":[{"name":"wp","href":"https:\/\/api.w.org\/{rel}","templated":true}]}}