{"id":2549,"date":"2020-05-15T11:08:03","date_gmt":"2020-05-15T11:08:03","guid":{"rendered":"http:\/\/localhost\/theratio\/?page_id=2549"},"modified":"2025-04-19T01:25:02","modified_gmt":"2025-04-18T23:25:02","slug":"creating-concept","status":"publish","type":"page","link":"https:\/\/milimetararch.com\/sr\/our-services\/creating-concept\/","title":{"rendered":"Kreiranje koncepta"},"content":{"rendered":"<div data-elementor-type=\"wp-page\" data-elementor-id=\"2549\" class=\"elementor elementor-2549\">\n\t\t\t\t\t\t<section class=\"elementor-section elementor-top-section elementor-element elementor-element-23f84cc elementor-section-boxed elementor-section-height-default elementor-section-height-default\" data-id=\"23f84cc\" data-element_type=\"section\">\n\t\t\t\t\t\t<div class=\"elementor-container elementor-column-gap-extended\">\n\t\t\t\t\t<div class=\"elementor-column elementor-col-50 elementor-top-column elementor-element elementor-element-a4f435d ot-flex-column-vertical\" data-id=\"a4f435d\" data-element_type=\"column\">\n\t\t\t<div class=\"elementor-widget-wrap elementor-element-populated\">\n\t\t\t\t\t\t<div class=\"elementor-element elementor-element-3f1b357 widget-area elementor-widget elementor-widget-sidebar\" data-id=\"3f1b357\" data-element_type=\"widget\" data-widget_type=\"sidebar.default\">\n\t\t\t\t<div class=\"elementor-widget-container\">\n\t\t\t\t\t<section id=\"nav_menu-1\" class=\"widget widget_nav_menu\"><\/section>\t\t\t\t<\/div>\n\t\t\t\t<\/div>\n\t\t\t\t\t<\/div>\n\t\t<\/div>\n\t\t\t\t<div class=\"elementor-column elementor-col-50 elementor-top-column elementor-element elementor-element-e58c18f ot-flex-column-vertical\" data-id=\"e58c18f\" data-element_type=\"column\">\n\t\t\t<div class=\"elementor-widget-wrap elementor-element-populated\">\n\t\t\t\t\t\t<div class=\"elementor-element elementor-element-deb5a60 elementor-widget elementor-widget-iheading\" data-id=\"deb5a60\" data-element_type=\"widget\" data-widget_type=\"iheading.default\">\n\t\t\t\t<div class=\"elementor-widget-container\">\n\t\t\t\t\t\t\t<div class=\"ot-heading\">\n\t        \t            <span>[ \u0161ta nudimo ]<\/span>\n\t        \t        <h2 class=\"main-heading\">Kreiranje koncepta<\/h2>\n\t        \t    <\/div>\n\t    \t\t\t\t<\/div>\n\t\t\t\t<\/div>\n\t\t\t\t<div class=\"elementor-element elementor-element-a582f33 elementor-widget elementor-widget-text-editor\" data-id=\"a582f33\" data-element_type=\"widget\" data-widget_type=\"text-editor.default\">\n\t\t\t\t<div class=\"elementor-widget-container\">\n\t\t\t\t\t\t\t\t\t<p class=\"\" data-start=\"3487\" data-end=\"3623\">Svaki veliki projekat po\u010dinje konceptom \u2014 centralnom idejom koja pokrec\u0301e dizajn i daje projektu njegov jedinstveni identitet.<\/p><p class=\"\" data-start=\"3625\" data-end=\"3863\">U <em data-start=\"3628\" data-end=\"3652\">Milimetar Arhitekt<\/em>, kreiranje koncepta je dubinsko, kreativno istra\u017eivanje prostora, potreba i emocija. Pa\u017eljivo slu\u0161amo, temeljno istra\u017eujemo i hrabro eksperimenti\u0161emo kako bismo kreirali pravac dizajna koji je i vizionarski i utemeljen.<\/p>\t\t\t\t\t\t\t\t<\/div>\n\t\t\t\t<\/div>\n\t\t\t\t<div class=\"elementor-element elementor-element-788d4a0 elementor-arrows-position-inside elementor-widget elementor-widget-image-carousel\" data-id=\"788d4a0\" data-element_type=\"widget\" data-settings=\"{&quot;slides_to_show&quot;:&quot;1&quot;,&quot;navigation&quot;:&quot;arrows&quot;,&quot;autoplay&quot;:&quot;yes&quot;,&quot;pause_on_hover&quot;:&quot;yes&quot;,&quot;pause_on_interaction&quot;:&quot;yes&quot;,&quot;autoplay_speed&quot;:5000,&quot;infinite&quot;:&quot;yes&quot;,&quot;effect&quot;:&quot;slide&quot;,&quot;speed&quot;:500}\" data-widget_type=\"image-carousel.default\">\n\t\t\t\t<div class=\"elementor-widget-container\">\n\t\t\t\t\t\t\t<div class=\"elementor-image-carousel-wrapper swiper\" role=\"region\" aria-roledescription=\"carousel\" aria-label=\"Vrte\u0161ka slika\" dir=\"ltr\">\n\t\t\t<div class=\"elementor-image-carousel swiper-wrapper swiper-image-stretch\" aria-live=\"off\">\n\t\t\t\t\t\t\t\t<div class=\"swiper-slide\" role=\"group\" aria-roledescription=\"slide\" aria-label=\"1 od 2\"><figure class=\"swiper-slide-inner\"><img decoding=\"async\" class=\"swiper-slide-image\" src=\"https:\/\/milimetararch.com\/wp-content\/uploads\/2020\/05\/service-silder9.jpg\" alt=\"service-silder9\" \/><\/figure><\/div><div class=\"swiper-slide\" role=\"group\" aria-roledescription=\"slide\" aria-label=\"2 od 2\"><figure class=\"swiper-slide-inner\"><img decoding=\"async\" class=\"swiper-slide-image\" src=\"https:\/\/milimetararch.com\/wp-content\/uploads\/2020\/05\/service-silder10.jpg\" alt=\"service-silder10\" \/><\/figure><\/div>\t\t\t<\/div>\n\t\t\t\t\t\t\t\t\t\t\t\t<div class=\"elementor-swiper-button elementor-swiper-button-prev\" role=\"button\" tabindex=\"0\">\n\t\t\t\t\t\t<svg aria-hidden=\"true\" class=\"e-font-icon-svg e-eicon-chevron-left\" viewbox=\"0 0 1000 1000\" xmlns=\"http:\/\/www.w3.org\/2000\/svg\"><path d=\"M646 125C629 125 613 133 604 142L308 442C296 454 292 471 292 487 292 504 296 521 308 533L604 854C617 867 629 875 646 875 663 875 679 871 692 858 704 846 713 829 713 812 713 796 708 779 692 767L438 487 692 225C700 217 708 204 708 187 708 171 704 154 692 142 675 129 663 125 646 125Z\"><\/path><\/svg>\t\t\t\t\t<\/div>\n\t\t\t\t\t<div class=\"elementor-swiper-button elementor-swiper-button-next\" role=\"button\" tabindex=\"0\">\n\t\t\t\t\t\t<svg aria-hidden=\"true\" class=\"e-font-icon-svg e-eicon-chevron-right\" viewbox=\"0 0 1000 1000\" xmlns=\"http:\/\/www.w3.org\/2000\/svg\"><path d=\"M696 533C708 521 713 504 713 487 713 471 708 454 696 446L400 146C388 133 375 125 354 125 338 125 325 129 313 142 300 154 292 171 292 187 292 204 296 221 308 233L563 492 304 771C292 783 288 800 288 817 288 833 296 850 308 863 321 871 338 875 354 875 371 875 388 867 400 854L696 533Z\"><\/path><\/svg>\t\t\t\t\t<\/div>\n\t\t\t\t\n\t\t\t\t\t\t\t\t\t<\/div>\n\t\t\t\t\t\t<\/div>\n\t\t\t\t<\/div>\n\t\t\t\t<div class=\"elementor-element elementor-element-19b3a60 elementor-widget elementor-widget-text-editor\" data-id=\"19b3a60\" data-element_type=\"widget\" data-widget_type=\"text-editor.default\">\n\t\t\t\t<div class=\"elementor-widget-container\">\n\t\t\t\t\t\t\t\t\t<h4 data-start=\"3865\" data-end=\"3885\">Ova faza uklju\u010duje:<\/h4><ul data-start=\"3887\" data-end=\"4047\"><li class=\"\" data-start=\"3887\" data-end=\"3935\"><p class=\"\" data-start=\"3889\" data-end=\"3935\">Definisanje narativnih i prostornih ciljeva projekta<\/p><\/li><li class=\"\" data-start=\"3936\" data-end=\"3966\"><p class=\"\" data-start=\"3938\" data-end=\"3966\">Istra\u017eivanje i raspolo\u017eenje<\/p><\/li><li class=\"\" data-start=\"3967\" data-end=\"4001\"><p class=\"\" data-start=\"3969\" data-end=\"4001\">Volumetrijske i masovne studije<\/p><\/li><li class=\"\" data-start=\"4002\" data-end=\"4047\"><p class=\"\" data-start=\"4004\" data-end=\"4047\">Po\u010detne skice, dijagrami i 3D modeli<\/p><\/li><\/ul><p class=\"\" data-start=\"4049\" data-end=\"4170\">Na\u0161i koncepti su vi\u0161e od samo po\u010detne ta\u010dke \u2014 oni su du\u0161a projekta, usmeravajuc\u0301i svaku odluku koja sledi.<\/p>\t\t\t\t\t\t\t\t<\/div>\n\t\t\t\t<\/div>\n\t\t\t\t<div class=\"elementor-element elementor-element-d67676e elementor-widget elementor-widget-image\" data-id=\"d67676e\" data-element_type=\"widget\" data-widget_type=\"image.default\">\n\t\t\t\t<div class=\"elementor-widget-container\">\n\t\t\t\t\t\t\t\t\t\t\t\t\t\t\t<img fetchpriority=\"high\" decoding=\"async\" width=\"870\" height=\"520\" src=\"https:\/\/milimetararch.com\/wp-content\/uploads\/2020\/05\/image1-service5.jpg\" class=\"attachment-full size-full wp-image-2525\" alt=\"\" srcset=\"https:\/\/milimetararch.com\/wp-content\/uploads\/2020\/05\/image1-service5.jpg 870w, https:\/\/milimetararch.com\/wp-content\/uploads\/2020\/05\/image1-service5-300x179.jpg 300w, https:\/\/milimetararch.com\/wp-content\/uploads\/2020\/05\/image1-service5-768x459.jpg 768w, https:\/\/milimetararch.com\/wp-content\/uploads\/2020\/05\/image1-service5-18x12.jpg 18w\" sizes=\"(max-width: 870px) 100vw, 870px\" \/>\t\t\t\t\t\t\t\t\t\t\t\t\t\t\t<\/div>\n\t\t\t\t<\/div>\n\t\t\t\t<section class=\"elementor-section elementor-inner-section elementor-element elementor-element-d804ee2 elementor-section-full_width elementor-section-height-default elementor-section-height-default\" data-id=\"d804ee2\" data-element_type=\"section\">\n\t\t\t\t\t\t<div class=\"elementor-container elementor-column-gap-default\">\n\t\t\t\t\t<div class=\"elementor-column elementor-col-33 elementor-inner-column elementor-element elementor-element-b35a897 ot-flex-column-vertical\" data-id=\"b35a897\" data-element_type=\"column\">\n\t\t\t<div class=\"elementor-widget-wrap elementor-element-populated\">\n\t\t\t\t\t\t<div class=\"elementor-element elementor-element-82c839d elementor-widget elementor-widget-iprogress\" data-id=\"82c839d\" data-element_type=\"widget\" data-widget_type=\"iprogress.default\">\n\t\t\t\t<div class=\"elementor-widget-container\">\n\t\t\t\t\t\n\t\t\t\t<div class=\"circle-progress tbottom\" data-color=\"#939393\" data-height=\"2\" data-size=\"165\">\n\t\t\t<div class=\"inner-bar\" data-percent=\"50\">\n\t\t\t\t<span>\n\t\t\t\t\t<span class=\"percent\">50<\/span>\t\t\t\t<\/span>\n\t\t\t<\/div>\n\t\t\t<h4>3D modeling<\/h4>\t\t<\/div>\n\t\t\n\t    \t\t\t\t<\/div>\n\t\t\t\t<\/div>\n\t\t\t\t<div class=\"elementor-element elementor-element-422ec2e elementor-widget elementor-widget-text-editor\" data-id=\"422ec2e\" data-element_type=\"widget\" data-widget_type=\"text-editor.default\">\n\t\t\t\t<div class=\"elementor-widget-container\">\n\t\t\t\t\t\t\t\t\t<p>Studio pru\u017ea punu ponudu<br \/>3D modeliranja enterijera<\/p>\t\t\t\t\t\t\t\t<\/div>\n\t\t\t\t<\/div>\n\t\t\t\t\t<\/div>\n\t\t<\/div>\n\t\t\t\t<div class=\"elementor-column elementor-col-33 elementor-inner-column elementor-element elementor-element-666ad74 ot-flex-column-vertical\" data-id=\"666ad74\" data-element_type=\"column\">\n\t\t\t<div class=\"elementor-widget-wrap elementor-element-populated\">\n\t\t\t\t\t\t<div class=\"elementor-element elementor-element-f9fb5fb elementor-widget elementor-widget-iprogress\" data-id=\"f9fb5fb\" data-element_type=\"widget\" data-widget_type=\"iprogress.default\">\n\t\t\t\t<div class=\"elementor-widget-container\">\n\t\t\t\t\t\n\t\t\t\t<div class=\"circle-progress tbottom\" data-color=\"#939393\" data-height=\"2\" data-size=\"165\">\n\t\t\t<div class=\"inner-bar\" data-percent=\"75\">\n\t\t\t\t<span>\n\t\t\t\t\t<span class=\"percent\">75<\/span>\t\t\t\t<\/span>\n\t\t\t<\/div>\n\t\t\t<h4>MERENJE SOBE<\/h4>\t\t<\/div>\n\t\t\n\t    \t\t\t\t<\/div>\n\t\t\t\t<\/div>\n\t\t\t\t<div class=\"elementor-element elementor-element-e332f8f elementor-widget elementor-widget-text-editor\" data-id=\"e332f8f\" data-element_type=\"widget\" data-widget_type=\"text-editor.default\">\n\t\t\t\t<div class=\"elementor-widget-container\">\n\t\t\t\t\t\t\t\t\t<p>Razvoj nesavr\u0161enog dizajna<br \/>projekta<\/p>\t\t\t\t\t\t\t\t<\/div>\n\t\t\t\t<\/div>\n\t\t\t\t\t<\/div>\n\t\t<\/div>\n\t\t\t\t<div class=\"elementor-column elementor-col-33 elementor-inner-column elementor-element elementor-element-b7ffd55 ot-flex-column-vertical\" data-id=\"b7ffd55\" data-element_type=\"column\">\n\t\t\t<div class=\"elementor-widget-wrap elementor-element-populated\">\n\t\t\t\t\t\t<div class=\"elementor-element elementor-element-a168c7e elementor-widget elementor-widget-iprogress\" data-id=\"a168c7e\" data-element_type=\"widget\" data-widget_type=\"iprogress.default\">\n\t\t\t\t<div class=\"elementor-widget-container\">\n\t\t\t\t\t\n\t\t\t\t<div class=\"circle-progress tbottom\" data-color=\"#939393\" data-height=\"2\" data-size=\"165\">\n\t\t\t<div class=\"inner-bar\" data-percent=\"85\">\n\t\t\t\t<span>\n\t\t\t\t\t<span class=\"percent\">85<\/span>\t\t\t\t<\/span>\n\t\t\t<\/div>\n\t\t\t<h4>2d planiranje<\/h4>\t\t<\/div>\n\t\t\n\t    \t\t\t\t<\/div>\n\t\t\t\t<\/div>\n\t\t\t\t<div class=\"elementor-element elementor-element-7cc7cad elementor-widget elementor-widget-text-editor\" data-id=\"7cc7cad\" data-element_type=\"widget\" data-widget_type=\"text-editor.default\">\n\t\t\t\t<div class=\"elementor-widget-container\">\n\t\t\t\t\t\t\t\t\t<p>Pru\u017eamo 2D planiranje<br \/>za bolju vizuelizaciju.<\/p>\t\t\t\t\t\t\t\t<\/div>\n\t\t\t\t<\/div>\n\t\t\t\t\t<\/div>\n\t\t<\/div>\n\t\t\t\t\t<\/div>\n\t\t<\/section>\n\t\t\t\t\t<\/div>\n\t\t<\/div>\n\t\t\t\t\t<\/div>\n\t\t<\/section>\n\t\t\t\t<\/div>","protected":false},"excerpt":{"rendered":"<p>[ what we offer ] Creating Concept Every great project begins with a concept \u2014 a central idea that drives the design forward and gives the project its unique identity. At Milimetar Architecture, concept creation is an in-depth, creative exploration of space, need, and emotion. We listen closely, research thoroughly, and experiment boldly to craft [&hellip;]<\/p>","protected":false},"author":1,"featured_media":0,"parent":2405,"menu_order":0,"comment_status":"closed","ping_status":"closed","template":"","meta":{"footnotes":""},"class_list":["post-2549","page","type-page","status-publish","hentry"],"jetpack_sharing_enabled":true,"_links":{"self":[{"href":"https:\/\/milimetararch.com\/sr\/wp-json\/wp\/v2\/pages\/2549","targetHints":{"allow":["GET"]}}],"collection":[{"href":"https:\/\/milimetararch.com\/sr\/wp-json\/wp\/v2\/pages"}],"about":[{"href":"https:\/\/milimetararch.com\/sr\/wp-json\/wp\/v2\/types\/page"}],"author":[{"embeddable":true,"href":"https:\/\/milimetararch.com\/sr\/wp-json\/wp\/v2\/users\/1"}],"replies":[{"embeddable":true,"href":"https:\/\/milimetararch.com\/sr\/wp-json\/wp\/v2\/comments?post=2549"}],"version-history":[{"count":0,"href":"https:\/\/milimetararch.com\/sr\/wp-json\/wp\/v2\/pages\/2549\/revisions"}],"up":[{"embeddable":true,"href":"https:\/\/milimetararch.com\/sr\/wp-json\/wp\/v2\/pages\/2405"}],"wp:attachment":[{"href":"https:\/\/milimetararch.com\/sr\/wp-json\/wp\/v2\/media?parent=2549"}],"curies":[{"name":"wp","href":"https:\/\/api.w.org\/{rel}","templated":true}]}}